{"id":2563,"date":"2022-07-22T20:41:40","date_gmt":"2022-07-22T20:41:40","guid":{"rendered":"https:\/\/corporacionamerica.com\/web\/?page_id=2563"},"modified":"2025-02-26T16:47:12","modified_gmt":"2025-02-26T16:47:12","slug":"mantenimiento","status":"publish","type":"page","link":"https:\/\/corporacionamerica.com\/web\/","title":{"rendered":"Mantenimiento"},"content":{"rendered":"\t\t<div data-elementor-type=\"wp-page\" data-elementor-id=\"2563\" class=\"elementor elementor-2563\">\n\t\t\t\t\t\t\t\t\t<section class=\"elementor-section elementor-top-section elementor-element elementor-element-bb17493 elementor-section-boxed elementor-section-height-default elementor-section-height-default\" data-id=\"bb17493\" data-element_type=\"section\" data-settings=\"{&quot;background_background&quot;:&quot;classic&quot;}\">\n\t\t\t\t\t\t<div class=\"elementor-container elementor-column-gap-default\">\n\t\t\t\t\t<div class=\"elementor-column elementor-col-100 elementor-top-column elementor-element elementor-element-e92d877\" data-id=\"e92d877\" data-element_type=\"column\">\n\t\t\t<div class=\"elementor-widget-wrap elementor-element-populated\">\n\t\t\t\t\t\t\t\t<div class=\"elementor-element elementor-element-7eb7352 elementor-widget elementor-widget-image\" data-id=\"7eb7352\" data-element_type=\"widget\" data-widget_type=\"image.default\">\n\t\t\t\t<div class=\"elementor-widget-container\">\n\t\t\t<style>\/*! elementor - v3.11.2 - 22-02-2023 *\/\n.elementor-widget-image{text-align:center}.elementor-widget-image a{display:inline-block}.elementor-widget-image a img[src$=\".svg\"]{width:48px}.elementor-widget-image img{vertical-align:middle;display:inline-block}<\/style>\t\t\t\t\t\t\t\t\t\t\t\t<img loading=\"lazy\" decoding=\"async\" width=\"313\" height=\"83\" src=\"https:\/\/corporacionamerica.com\/web\/wp-content\/uploads\/2023\/02\/logoCA.png\" class=\"attachment-large size-large wp-image-2578\" alt=\"\" srcset=\"https:\/\/corporacionamerica.com\/web\/wp-content\/uploads\/2023\/02\/logoCA.png 313w, https:\/\/corporacionamerica.com\/web\/wp-content\/uploads\/2023\/02\/logoCA-300x80.png 300w\" sizes=\"auto, (max-width: 313px) 100vw, 313px\" \/>\t\t\t\t\t\t\t\t\t\t\t\t\t\t\t<\/div>\n\t\t\t\t<\/div>\n\t\t\t\t<div class=\"elementor-element elementor-element-52597ee elementor-widget elementor-widget-text-editor\" data-id=\"52597ee\" data-element_type=\"widget\" data-widget_type=\"text-editor.default\">\n\t\t\t\t<div class=\"elementor-widget-container\">\n\t\t\t<style>\/*! elementor - v3.11.2 - 22-02-2023 *\/\n.elementor-widget-text-editor.elementor-drop-cap-view-stacked .elementor-drop-cap{background-color:#818a91;color:#fff}.elementor-widget-text-editor.elementor-drop-cap-view-framed .elementor-drop-cap{color:#818a91;border:3px solid;background-color:transparent}.elementor-widget-text-editor:not(.elementor-drop-cap-view-default) .elementor-drop-cap{margin-top:8px}.elementor-widget-text-editor:not(.elementor-drop-cap-view-default) .elementor-drop-cap-letter{width:1em;height:1em}.elementor-widget-text-editor .elementor-drop-cap{float:left;text-align:center;line-height:1;font-size:50px}.elementor-widget-text-editor .elementor-drop-cap-letter{display:inline-block}<\/style>\t\t\t\t<p>Fundado por Eduardo Eurnekian, el holding de empresas Corporaci\u00f3n Am\u00e9rica viene invirtiendo en diversas industrias: desde la operaci\u00f3n aeroportuaria, pasando por la producci\u00f3n y transporte de energ\u00eda, la miner\u00eda, la agroindustria, la producci\u00f3n de vinos, la construcci\u00f3n e infraestructura, los servicios bancarios y el real estate, hasta el armado de tarjetas inteligentes.<\/p><p>Nacido en Argentina, el grupo Corporaci\u00f3n Am\u00e9rica se ha expandido en Latinoam\u00e9rica con inversiones en Uruguay, Brasil y Ecuador, como tambi\u00e9n en Europa, con empresas en Italia y Armenia.<\/p><p>Desde 2018, su divisi\u00f3n aeroportuaria, Corporaci\u00f3n Am\u00e9rica Airports (NYSE:CAAP) cotiza en la Bolsa de Nueva York.<\/p>\t\t\t\t\t\t<\/div>\n\t\t\t\t<\/div>\n\t\t\t\t<div class=\"elementor-element elementor-element-a23a132 elementor-widget elementor-widget-image\" data-id=\"a23a132\" data-element_type=\"widget\" data-widget_type=\"image.default\">\n\t\t\t\t<div class=\"elementor-widget-container\">\n\t\t\t\t\t\t\t\t\t\t\t\t\t\t\t<img loading=\"lazy\" decoding=\"async\" width=\"1024\" height=\"974\" src=\"https:\/\/corporacionamerica.com\/web\/wp-content\/uploads\/2025\/02\/Rueda-nueva-2023-1024x974.png\" class=\"attachment-large size-large wp-image-2611\" alt=\"\" srcset=\"https:\/\/corporacionamerica.com\/web\/wp-content\/uploads\/2025\/02\/Rueda-nueva-2023-1024x974.png 1024w, https:\/\/corporacionamerica.com\/web\/wp-content\/uploads\/2025\/02\/Rueda-nueva-2023-300x285.png 300w, https:\/\/corporacionamerica.com\/web\/wp-content\/uploads\/2025\/02\/Rueda-nueva-2023-768x731.png 768w, https:\/\/corporacionamerica.com\/web\/wp-content\/uploads\/2025\/02\/Rueda-nueva-2023.png 1322w\" sizes=\"auto, (max-width: 1024px) 100vw, 1024px\" \/>\t\t\t\t\t\t\t\t\t\t\t\t\t\t\t<\/div>\n\t\t\t\t<\/div>\n\t\t\t\t<div class=\"elementor-element elementor-element-2c25b91 elementor-widget elementor-widget-heading\" data-id=\"2c25b91\" data-element_type=\"widget\" data-widget_type=\"heading.default\">\n\t\t\t\t<div class=\"elementor-widget-container\">\n\t\t\t<style>\/*! elementor - v3.11.2 - 22-02-2023 *\/\n.elementor-heading-title{padding:0;margin:0;line-height:1}.elementor-widget-heading .elementor-heading-title[class*=elementor-size-]>a{color:inherit;font-size:inherit;line-height:inherit}.elementor-widget-heading .elementor-heading-title.elementor-size-small{font-size:15px}.elementor-widget-heading .elementor-heading-title.elementor-size-medium{font-size:19px}.elementor-widget-heading .elementor-heading-title.elementor-size-large{font-size:29px}.elementor-widget-heading .elementor-heading-title.elementor-size-xl{font-size:39px}.elementor-widget-heading .elementor-heading-title.elementor-size-xxl{font-size:59px}<\/style><h2 class=\"elementor-heading-title elementor-size-default\">Website en Mantenimiento Programado<\/h2>\t\t<\/div>\n\t\t\t\t<\/div>\n\t\t\t\t<section class=\"elementor-section elementor-inner-section elementor-element elementor-element-aac0128 elementor-section-boxed elementor-section-height-default elementor-section-height-default\" data-id=\"aac0128\" data-element_type=\"section\">\n\t\t\t\t\t\t<div class=\"elementor-container elementor-column-gap-default\">\n\t\t\t\t\t<div class=\"elementor-column elementor-col-50 elementor-inner-column elementor-element elementor-element-19791ca\" data-id=\"19791ca\" data-element_type=\"column\">\n\t\t\t<div class=\"elementor-widget-wrap elementor-element-populated\">\n\t\t\t\t\t\t\t\t<div class=\"elementor-element elementor-element-71ca9cb elementor-widget elementor-widget-image\" data-id=\"71ca9cb\" data-element_type=\"widget\" data-widget_type=\"image.default\">\n\t\t\t\t<div class=\"elementor-widget-container\">\n\t\t\t\t\t\t\t\t\t\t\t\t\t\t\t<img loading=\"lazy\" decoding=\"async\" width=\"313\" height=\"83\" src=\"https:\/\/corporacionamerica.com\/web\/wp-content\/uploads\/2023\/02\/logoCA.png\" class=\"attachment-large size-large wp-image-2578\" alt=\"\" srcset=\"https:\/\/corporacionamerica.com\/web\/wp-content\/uploads\/2023\/02\/logoCA.png 313w, https:\/\/corporacionamerica.com\/web\/wp-content\/uploads\/2023\/02\/logoCA-300x80.png 300w\" sizes=\"auto, (max-width: 313px) 100vw, 313px\" \/>\t\t\t\t\t\t\t\t\t\t\t\t\t\t\t<\/div>\n\t\t\t\t<\/div>\n\t\t\t\t\t<\/div>\n\t\t<\/div>\n\t\t\t\t<div class=\"elementor-column elementor-col-50 elementor-inner-column elementor-element elementor-element-e73d3e1\" data-id=\"e73d3e1\" data-element_type=\"column\">\n\t\t\t<div class=\"elementor-widget-wrap elementor-element-populated\">\n\t\t\t\t\t\t\t\t<div class=\"elementor-element elementor-element-cbe4214 elementor-widget elementor-widget-text-editor\" data-id=\"cbe4214\" data-element_type=\"widget\" data-widget_type=\"text-editor.default\">\n\t\t\t\t<div class=\"elementor-widget-container\">\n\t\t\t\t\t\t\t<p>Bonpland 1745<br \/>Ciudad de Buenos Aires<br \/>Rep\u00fablica Argentina<br \/><a href=\"mailto:info@corporacionamerica.com\">info@corporacionamerica.com<\/a><br \/>(54-11) 4899 6600<\/p>\t\t\t\t\t\t<\/div>\n\t\t\t\t<\/div>\n\t\t\t\t\t<\/div>\n\t\t<\/div>\n\t\t\t\t\t\t\t<\/div>\n\t\t<\/section>\n\t\t\t\t\t<\/div>\n\t\t<\/div>\n\t\t\t\t\t\t\t<\/div>\n\t\t<\/section>\n\t\t\t\t\t\t\t<\/div>\n\t\t","protected":false},"excerpt":{"rendered":"<p>Fundado por Eduardo Eurnekian, el holding de empresas Corporaci\u00f3n Am\u00e9rica viene invirtiendo en diversas industrias: desde la operaci\u00f3n aeroportuaria, pasando por la producci\u00f3n y transporte de energ\u00eda, la miner\u00eda, la agroindustria, la producci\u00f3n de vinos, la construcci\u00f3n e infraestructura, los servicios bancarios y el real estate, hasta el armado de tarjetas inteligentes. Nacido en Argentina, [&hellip;]<\/p>\n","protected":false},"author":1,"featured_media":0,"parent":0,"menu_order":0,"comment_status":"closed","ping_status":"closed","template":"elementor_canvas","meta":{"inline_featured_image":false,"footnotes":""},"class_list":["post-2563","page","type-page","status-publish","hentry","entry"],"acf":[],"_links":{"self":[{"href":"https:\/\/corporacionamerica.com\/web\/wp-json\/wp\/v2\/pages\/2563","targetHints":{"allow":["GET"]}}],"collection":[{"href":"https:\/\/corporacionamerica.com\/web\/wp-json\/wp\/v2\/pages"}],"about":[{"href":"https:\/\/corporacionamerica.com\/web\/wp-json\/wp\/v2\/types\/page"}],"author":[{"embeddable":true,"href":"https:\/\/corporacionamerica.com\/web\/wp-json\/wp\/v2\/users\/1"}],"replies":[{"embeddable":true,"href":"https:\/\/corporacionamerica.com\/web\/wp-json\/wp\/v2\/comments?post=2563"}],"version-history":[{"count":18,"href":"https:\/\/corporacionamerica.com\/web\/wp-json\/wp\/v2\/pages\/2563\/revisions"}],"predecessor-version":[{"id":2614,"href":"https:\/\/corporacionamerica.com\/web\/wp-json\/wp\/v2\/pages\/2563\/revisions\/2614"}],"wp:attachment":[{"href":"https:\/\/corporacionamerica.com\/web\/wp-json\/wp\/v2\/media?parent=2563"}],"curies":[{"name":"wp","href":"https:\/\/api.w.org\/{rel}","templated":true}]}}