{"id":2300,"date":"2022-06-23T17:10:12","date_gmt":"2022-06-23T17:10:12","guid":{"rendered":"https:\/\/corporacionamerica.com\/web\/?page_id=2300"},"modified":"2023-08-09T15:04:46","modified_gmt":"2023-08-09T15:04:46","slug":"prensa","status":"publish","type":"page","link":"https:\/\/corporacionamerica.com\/web\/prensa\/","title":{"rendered":"Prensa"},"content":{"rendered":"\t\t<div data-elementor-type=\"wp-page\" data-elementor-id=\"2300\" class=\"elementor elementor-2300\">\n\t\t\t\t\t\t\t\t\t<section class=\"elementor-section elementor-top-section elementor-element elementor-element-502807e elementor-section-boxed elementor-section-height-default elementor-section-height-default\" data-id=\"502807e\" data-element_type=\"section\">\n\t\t\t\t\t\t<div class=\"elementor-container elementor-column-gap-default\">\n\t\t\t\t\t<div class=\"elementor-column elementor-col-100 elementor-top-column elementor-element elementor-element-d6f8726\" data-id=\"d6f8726\" data-element_type=\"column\">\n\t\t\t<div class=\"elementor-widget-wrap elementor-element-populated\">\n\t\t\t\t\t\t\t\t<div class=\"elementor-element elementor-element-8c6253a elementor-widget elementor-widget-text-editor\" data-id=\"8c6253a\" data-element_type=\"widget\" data-widget_type=\"text-editor.default\">\n\t\t\t\t<div class=\"elementor-widget-container\">\n\t\t\t<style>\/*! elementor - v3.11.2 - 22-02-2023 *\/\n.elementor-widget-text-editor.elementor-drop-cap-view-stacked .elementor-drop-cap{background-color:#818a91;color:#fff}.elementor-widget-text-editor.elementor-drop-cap-view-framed .elementor-drop-cap{color:#818a91;border:3px solid;background-color:transparent}.elementor-widget-text-editor:not(.elementor-drop-cap-view-default) .elementor-drop-cap{margin-top:8px}.elementor-widget-text-editor:not(.elementor-drop-cap-view-default) .elementor-drop-cap-letter{width:1em;height:1em}.elementor-widget-text-editor .elementor-drop-cap{float:left;text-align:center;line-height:1;font-size:50px}.elementor-widget-text-editor .elementor-drop-cap-letter{display:inline-block}<\/style>\t\t\t\t<p>Fundado por Eduardo Eurnekian, el holding de empresas Corporaci\u00f3n Am\u00e9rica viene invirtiendo en diversas industrias: desde la operaci\u00f3n aeroportuaria, pasando por la producci\u00f3n y transporte de energ\u00eda, la miner\u00eda, la agroindustria, la producci\u00f3n de vinos, la construcci\u00f3n e infraestructura, los servicios bancarios y el real estate, hasta el armado de tarjetas inteligentes.<\/p><p>Nacido en Argentina, el grupo Corporaci\u00f3n Am\u00e9rica se ha expandido en Latinoam\u00e9rica con inversiones en Uruguay, Brasil y Ecuador, como tambi\u00e9n en Europa, con empresas en Italia y Armenia.<\/p><p>Desde 2018, su divisi\u00f3n aeroportuaria, Corporaci\u00f3n Am\u00e9rica Airports (NYSE:CAAP) cotiza en la Bolsa de Nueva York.<\/p>\t\t\t\t\t\t<\/div>\n\t\t\t\t<\/div>\n\t\t\t\t\t<\/div>\n\t\t<\/div>\n\t\t\t\t\t\t\t<\/div>\n\t\t<\/section>\n\t\t\t\t<section class=\"elementor-section elementor-top-section elementor-element elementor-element-0de3611 elementor-section-boxed elementor-section-height-default elementor-section-height-default\" data-id=\"0de3611\" data-element_type=\"section\">\n\t\t\t\t\t\t<div class=\"elementor-container elementor-column-gap-default\">\n\t\t\t\t\t<div class=\"elementor-column elementor-col-25 elementor-top-column elementor-element elementor-element-94344a9\" data-id=\"94344a9\" data-element_type=\"column\">\n\t\t\t<div class=\"elementor-widget-wrap elementor-element-populated\">\n\t\t\t\t\t\t\t\t<div class=\"elementor-element elementor-element-7046b4c elementor-widget elementor-widget-image\" data-id=\"7046b4c\" data-element_type=\"widget\" data-widget_type=\"image.default\">\n\t\t\t\t<div class=\"elementor-widget-container\">\n\t\t\t<style>\/*! elementor - v3.11.2 - 22-02-2023 *\/\n.elementor-widget-image{text-align:center}.elementor-widget-image a{display:inline-block}.elementor-widget-image a img[src$=\".svg\"]{width:48px}.elementor-widget-image img{vertical-align:middle;display:inline-block}<\/style>\t\t\t\t\t\t\t\t\t\t\t\t\t<a href=\"https:\/\/corporacionamerica.com\/web\/category\/cai\/\">\n\t\t\t\t\t\t\t<img loading=\"lazy\" decoding=\"async\" width=\"1024\" height=\"1024\" src=\"https:\/\/corporacionamerica.com\/web\/wp-content\/uploads\/2021\/09\/LOGO-COLOR.svg\" class=\"elementor-animation-float attachment-large size-large wp-image-25\" alt=\"\" \/>\t\t\t\t\t\t\t\t<\/a>\n\t\t\t\t\t\t\t\t\t\t\t\t\t\t\t<\/div>\n\t\t\t\t<\/div>\n\t\t\t\t\t<\/div>\n\t\t<\/div>\n\t\t\t\t<div class=\"elementor-column elementor-col-25 elementor-top-column elementor-element elementor-element-4830ee6\" data-id=\"4830ee6\" data-element_type=\"column\">\n\t\t\t<div class=\"elementor-widget-wrap elementor-element-populated\">\n\t\t\t\t\t\t\t\t<div class=\"elementor-element elementor-element-6c2fa08 elementor-widget elementor-widget-image\" data-id=\"6c2fa08\" data-element_type=\"widget\" data-widget_type=\"image.default\">\n\t\t\t\t<div class=\"elementor-widget-container\">\n\t\t\t\t\t\t\t\t\t\t\t\t\t\t\t\t<a href=\"https:\/\/corporacionamerica.com\/web\/category\/corporacion-america-airports\/\">\n\t\t\t\t\t\t\t<img loading=\"lazy\" decoding=\"async\" width=\"1024\" height=\"1024\" src=\"https:\/\/corporacionamerica.com\/web\/wp-content\/uploads\/2021\/10\/caap-color.svg\" class=\"elementor-animation-float attachment-large size-large wp-image-952\" alt=\"\" \/>\t\t\t\t\t\t\t\t<\/a>\n\t\t\t\t\t\t\t\t\t\t\t\t\t\t\t<\/div>\n\t\t\t\t<\/div>\n\t\t\t\t\t<\/div>\n\t\t<\/div>\n\t\t\t\t<div class=\"elementor-column elementor-col-25 elementor-top-column elementor-element elementor-element-cfa999f\" data-id=\"cfa999f\" data-element_type=\"column\">\n\t\t\t<div class=\"elementor-widget-wrap elementor-element-populated\">\n\t\t\t\t\t\t\t\t<div class=\"elementor-element elementor-element-207fae2 elementor-widget elementor-widget-image\" data-id=\"207fae2\" data-element_type=\"widget\" data-widget_type=\"image.default\">\n\t\t\t\t<div class=\"elementor-widget-container\">\n\t\t\t\t\t\t\t\t\t\t\t\t\t\t\t\t<a href=\"https:\/\/corporacionamerica.com\/web\/category\/cgc\/\">\n\t\t\t\t\t\t\t<img loading=\"lazy\" decoding=\"async\" width=\"369\" height=\"367\" src=\"https:\/\/corporacionamerica.com\/web\/wp-content\/uploads\/2021\/10\/cgclogo.png\" class=\"elementor-animation-float attachment-large size-large wp-image-1008\" alt=\"\" srcset=\"https:\/\/corporacionamerica.com\/web\/wp-content\/uploads\/2021\/10\/cgclogo.png 369w, https:\/\/corporacionamerica.com\/web\/wp-content\/uploads\/2021\/10\/cgclogo-300x298.png 300w, https:\/\/corporacionamerica.com\/web\/wp-content\/uploads\/2021\/10\/cgclogo-150x150.png 150w\" sizes=\"auto, (max-width: 369px) 100vw, 369px\" \/>\t\t\t\t\t\t\t\t<\/a>\n\t\t\t\t\t\t\t\t\t\t\t\t\t\t\t<\/div>\n\t\t\t\t<\/div>\n\t\t\t\t\t<\/div>\n\t\t<\/div>\n\t\t\t\t<div class=\"elementor-column elementor-col-25 elementor-top-column elementor-element elementor-element-5586059\" data-id=\"5586059\" data-element_type=\"column\">\n\t\t\t<div class=\"elementor-widget-wrap elementor-element-populated\">\n\t\t\t\t\t\t\t\t<div class=\"elementor-element elementor-element-0f6c872 elementor-widget elementor-widget-image\" data-id=\"0f6c872\" data-element_type=\"widget\" data-widget_type=\"image.default\">\n\t\t\t\t<div class=\"elementor-widget-container\">\n\t\t\t\t\t\t\t\t\t\t\t\t\t\t\t\t<a href=\"https:\/\/corporacionamerica.com\/web\/category\/aeropuertos-argentina-2000\/\">\n\t\t\t\t\t\t\t<img loading=\"lazy\" decoding=\"async\" width=\"1024\" height=\"1024\" src=\"https:\/\/corporacionamerica.com\/web\/wp-content\/uploads\/2021\/10\/aa2000-azulRecurso-5.svg\" class=\"elementor-animation-float attachment-large size-large wp-image-1742\" alt=\"\" \/>\t\t\t\t\t\t\t\t<\/a>\n\t\t\t\t\t\t\t\t\t\t\t\t\t\t\t<\/div>\n\t\t\t\t<\/div>\n\t\t\t\t\t<\/div>\n\t\t<\/div>\n\t\t\t\t\t\t\t<\/div>\n\t\t<\/section>\n\t\t\t\t<section class=\"elementor-section elementor-top-section elementor-element elementor-element-0b21cb5 elementor-section-boxed elementor-section-height-default elementor-section-height-default\" data-id=\"0b21cb5\" data-element_type=\"section\">\n\t\t\t\t\t\t<div class=\"elementor-container elementor-column-gap-default\">\n\t\t\t\t\t<div class=\"elementor-column elementor-col-25 elementor-top-column elementor-element elementor-element-5bf352d\" data-id=\"5bf352d\" data-element_type=\"column\">\n\t\t\t<div class=\"elementor-widget-wrap elementor-element-populated\">\n\t\t\t\t\t\t\t\t<div class=\"elementor-element elementor-element-01e6bb9 elementor-widget elementor-widget-image\" data-id=\"01e6bb9\" data-element_type=\"widget\" data-widget_type=\"image.default\">\n\t\t\t\t<div class=\"elementor-widget-container\">\n\t\t\t\t\t\t\t\t\t\t\t\t\t\t\t\t<a href=\"https:\/\/corporacionamerica.com\/web\/category\/coam\/\">\n\t\t\t\t\t\t\t<img loading=\"lazy\" decoding=\"async\" width=\"1024\" height=\"1024\" src=\"https:\/\/corporacionamerica.com\/web\/wp-content\/uploads\/2021\/10\/coam-colorRecurso-2.svg\" class=\"elementor-animation-float attachment-large size-large wp-image-1270\" alt=\"\" \/>\t\t\t\t\t\t\t\t<\/a>\n\t\t\t\t\t\t\t\t\t\t\t\t\t\t\t<\/div>\n\t\t\t\t<\/div>\n\t\t\t\t\t<\/div>\n\t\t<\/div>\n\t\t\t\t<div class=\"elementor-column elementor-col-25 elementor-top-column elementor-element elementor-element-1a2b877\" data-id=\"1a2b877\" data-element_type=\"column\">\n\t\t\t<div class=\"elementor-widget-wrap elementor-element-populated\">\n\t\t\t\t\t\t\t\t<div class=\"elementor-element elementor-element-cedc5bf elementor-widget elementor-widget-image\" data-id=\"cedc5bf\" data-element_type=\"widget\" data-widget_type=\"image.default\">\n\t\t\t\t<div class=\"elementor-widget-container\">\n\t\t\t\t\t\t\t\t\t\t\t\t\t\t\t\t<a href=\"https:\/\/corporacionamerica.com\/web\/category\/unitecbio\/\">\n\t\t\t\t\t\t\t<img loading=\"lazy\" decoding=\"async\" width=\"1024\" height=\"1024\" src=\"https:\/\/corporacionamerica.com\/web\/wp-content\/uploads\/2021\/10\/logo_color.svg\" class=\"elementor-animation-float attachment-large size-large wp-image-1041\" alt=\"\" \/>\t\t\t\t\t\t\t\t<\/a>\n\t\t\t\t\t\t\t\t\t\t\t\t\t\t\t<\/div>\n\t\t\t\t<\/div>\n\t\t\t\t\t<\/div>\n\t\t<\/div>\n\t\t\t\t<div class=\"elementor-column elementor-col-25 elementor-top-column elementor-element elementor-element-b2fd792\" data-id=\"b2fd792\" data-element_type=\"column\">\n\t\t\t<div class=\"elementor-widget-wrap elementor-element-populated\">\n\t\t\t\t\t\t\t\t<div class=\"elementor-element elementor-element-a3a90ee elementor-widget elementor-widget-image\" data-id=\"a3a90ee\" data-element_type=\"widget\" data-widget_type=\"image.default\">\n\t\t\t\t<div class=\"elementor-widget-container\">\n\t\t\t\t\t\t\t\t\t\t\t\t\t\t\t\t<a href=\"https:\/\/corporacionamerica.com\/web\/category\/unitecblue\/\">\n\t\t\t\t\t\t\t<img loading=\"lazy\" decoding=\"async\" width=\"1024\" height=\"453\" src=\"https:\/\/corporacionamerica.com\/web\/wp-content\/uploads\/2021\/10\/UNITECBLUE_logo_jpg-04-1024x453.jpg\" class=\"elementor-animation-float attachment-large size-large wp-image-1106\" alt=\"\" srcset=\"https:\/\/corporacionamerica.com\/web\/wp-content\/uploads\/2021\/10\/UNITECBLUE_logo_jpg-04-1024x453.jpg 1024w, https:\/\/corporacionamerica.com\/web\/wp-content\/uploads\/2021\/10\/UNITECBLUE_logo_jpg-04-300x133.jpg 300w, https:\/\/corporacionamerica.com\/web\/wp-content\/uploads\/2021\/10\/UNITECBLUE_logo_jpg-04-768x340.jpg 768w, https:\/\/corporacionamerica.com\/web\/wp-content\/uploads\/2021\/10\/UNITECBLUE_logo_jpg-04-1536x679.jpg 1536w, https:\/\/corporacionamerica.com\/web\/wp-content\/uploads\/2021\/10\/UNITECBLUE_logo_jpg-04-2048x905.jpg 2048w\" sizes=\"auto, (max-width: 1024px) 100vw, 1024px\" \/>\t\t\t\t\t\t\t\t<\/a>\n\t\t\t\t\t\t\t\t\t\t\t\t\t\t\t<\/div>\n\t\t\t\t<\/div>\n\t\t\t\t\t<\/div>\n\t\t<\/div>\n\t\t\t\t<div class=\"elementor-column elementor-col-25 elementor-top-column elementor-element elementor-element-42cc736\" data-id=\"42cc736\" data-element_type=\"column\">\n\t\t\t<div class=\"elementor-widget-wrap elementor-element-populated\">\n\t\t\t\t\t\t\t\t<div class=\"elementor-element elementor-element-cf83f79 elementor-widget elementor-widget-image\" data-id=\"cf83f79\" data-element_type=\"widget\" data-widget_type=\"image.default\">\n\t\t\t\t<div class=\"elementor-widget-container\">\n\t\t\t\t\t\t\t\t\t\t\t\t\t\t\t\t<a href=\"https:\/\/corporacionamerica.com\/web\/category\/bodegas-del-fin-del-mundo\/\">\n\t\t\t\t\t\t\t<img loading=\"lazy\" decoding=\"async\" width=\"372\" height=\"104\" src=\"https:\/\/corporacionamerica.com\/web\/wp-content\/uploads\/2021\/10\/logo_findelmundo_header.webp\" class=\"elementor-animation-float attachment-large size-large wp-image-1084\" alt=\"\" srcset=\"https:\/\/corporacionamerica.com\/web\/wp-content\/uploads\/2021\/10\/logo_findelmundo_header.webp 372w, https:\/\/corporacionamerica.com\/web\/wp-content\/uploads\/2021\/10\/logo_findelmundo_header-300x84.webp 300w\" sizes=\"auto, (max-width: 372px) 100vw, 372px\" \/>\t\t\t\t\t\t\t\t<\/a>\n\t\t\t\t\t\t\t\t\t\t\t\t\t\t\t<\/div>\n\t\t\t\t<\/div>\n\t\t\t\t\t<\/div>\n\t\t<\/div>\n\t\t\t\t\t\t\t<\/div>\n\t\t<\/section>\n\t\t\t\t<section class=\"elementor-section elementor-top-section elementor-element elementor-element-b92c8c0 elementor-section-boxed elementor-section-height-default elementor-section-height-default\" data-id=\"b92c8c0\" data-element_type=\"section\">\n\t\t\t\t\t\t<div class=\"elementor-container elementor-column-gap-default\">\n\t\t\t\t\t<div class=\"elementor-column elementor-col-25 elementor-top-column elementor-element elementor-element-bfc2853\" data-id=\"bfc2853\" data-element_type=\"column\">\n\t\t\t<div class=\"elementor-widget-wrap elementor-element-populated\">\n\t\t\t\t\t\t\t\t<div class=\"elementor-element elementor-element-02cdd2c elementor-widget elementor-widget-image\" data-id=\"02cdd2c\" data-element_type=\"widget\" data-widget_type=\"image.default\">\n\t\t\t\t<div class=\"elementor-widget-container\">\n\t\t\t\t\t\t\t\t\t\t\t\t\t\t\t\t<a href=\"https:\/\/corporacionamerica.com\/web\/category\/cinc\/\">\n\t\t\t\t\t\t\t<img loading=\"lazy\" decoding=\"async\" width=\"1024\" height=\"1024\" src=\"https:\/\/corporacionamerica.com\/web\/wp-content\/uploads\/2021\/10\/cincRecurso-2.svg\" class=\"elementor-animation-float attachment-large size-large wp-image-1755\" alt=\"\" \/>\t\t\t\t\t\t\t\t<\/a>\n\t\t\t\t\t\t\t\t\t\t\t\t\t\t\t<\/div>\n\t\t\t\t<\/div>\n\t\t\t\t\t<\/div>\n\t\t<\/div>\n\t\t\t\t<div class=\"elementor-column elementor-col-25 elementor-top-column elementor-element elementor-element-29dfde2\" data-id=\"29dfde2\" data-element_type=\"column\">\n\t\t\t<div class=\"elementor-widget-wrap elementor-element-populated\">\n\t\t\t\t\t\t\t\t<div class=\"elementor-element elementor-element-c716692 elementor-widget elementor-widget-image\" data-id=\"c716692\" data-element_type=\"widget\" data-widget_type=\"image.default\">\n\t\t\t\t<div class=\"elementor-widget-container\">\n\t\t\t\t\t\t\t\t\t\t\t\t\t\t\t\t<a href=\"https:\/\/corporacionamerica.com\/web\/category\/helport\/\">\n\t\t\t\t\t\t\t<img loading=\"lazy\" decoding=\"async\" width=\"261\" height=\"193\" src=\"https:\/\/corporacionamerica.com\/web\/wp-content\/uploads\/2021\/10\/images.png\" class=\"elementor-animation-float attachment-large size-large wp-image-1092\" alt=\"\" \/>\t\t\t\t\t\t\t\t<\/a>\n\t\t\t\t\t\t\t\t\t\t\t\t\t\t\t<\/div>\n\t\t\t\t<\/div>\n\t\t\t\t\t<\/div>\n\t\t<\/div>\n\t\t\t\t<div class=\"elementor-column elementor-col-25 elementor-top-column elementor-element elementor-element-5bbdfca\" data-id=\"5bbdfca\" data-element_type=\"column\">\n\t\t\t<div class=\"elementor-widget-wrap elementor-element-populated\">\n\t\t\t\t\t\t\t\t<div class=\"elementor-element elementor-element-ce63b1f elementor-widget elementor-widget-image\" data-id=\"ce63b1f\" data-element_type=\"widget\" data-widget_type=\"image.default\">\n\t\t\t\t<div class=\"elementor-widget-container\">\n\t\t\t\t\t\t\t\t\t\t\t\t\t\t\t\t<a href=\"https:\/\/corporacionamerica.com\/web\/category\/shopgallery\/\">\n\t\t\t\t\t\t\t<img loading=\"lazy\" decoding=\"async\" width=\"1024\" height=\"1024\" src=\"https:\/\/corporacionamerica.com\/web\/wp-content\/uploads\/2021\/10\/shopgallery-colorRecurso-2.svg\" class=\"elementor-animation-float attachment-large size-large wp-image-1268\" alt=\"\" \/>\t\t\t\t\t\t\t\t<\/a>\n\t\t\t\t\t\t\t\t\t\t\t\t\t\t\t<\/div>\n\t\t\t\t<\/div>\n\t\t\t\t\t<\/div>\n\t\t<\/div>\n\t\t\t\t<div class=\"elementor-column elementor-col-25 elementor-top-column elementor-element elementor-element-88ebd1c\" data-id=\"88ebd1c\" data-element_type=\"column\">\n\t\t\t<div class=\"elementor-widget-wrap elementor-element-populated\">\n\t\t\t\t\t\t\t\t<div class=\"elementor-element elementor-element-62f8127 elementor-widget elementor-widget-image\" data-id=\"62f8127\" data-element_type=\"widget\" data-widget_type=\"image.default\">\n\t\t\t\t<div class=\"elementor-widget-container\">\n\t\t\t\t\t\t\t\t\t\t\t\t\t\t\t\t<a href=\"https:\/\/corporacionamerica.com\/web\/category\/conafer\/\">\n\t\t\t\t\t\t\t<img loading=\"lazy\" decoding=\"async\" width=\"1024\" height=\"1024\" src=\"https:\/\/corporacionamerica.com\/web\/wp-content\/uploads\/2021\/10\/conamer-colorRecurso-2.svg\" class=\"elementor-animation-float attachment-large size-large wp-image-1269\" alt=\"\" \/>\t\t\t\t\t\t\t\t<\/a>\n\t\t\t\t\t\t\t\t\t\t\t\t\t\t\t<\/div>\n\t\t\t\t<\/div>\n\t\t\t\t\t<\/div>\n\t\t<\/div>\n\t\t\t\t\t\t\t<\/div>\n\t\t<\/section>\n\t\t\t\t<section class=\"elementor-section elementor-top-section elementor-element elementor-element-92ebc93 elementor-section-boxed elementor-section-height-default elementor-section-height-default\" data-id=\"92ebc93\" data-element_type=\"section\">\n\t\t\t\t\t\t<div class=\"elementor-container elementor-column-gap-default\">\n\t\t\t\t\t<div class=\"elementor-column elementor-col-100 elementor-top-column elementor-element elementor-element-f66fe28\" data-id=\"f66fe28\" data-element_type=\"column\">\n\t\t\t<div class=\"elementor-widget-wrap elementor-element-populated\">\n\t\t\t\t\t\t\t\t<div class=\"elementor-element elementor-element-d0bbb47 elementor-widget elementor-widget-heading\" data-id=\"d0bbb47\" data-element_type=\"widget\" data-widget_type=\"heading.default\">\n\t\t\t\t<div class=\"elementor-widget-container\">\n\t\t\t<style>\/*! elementor - v3.11.2 - 22-02-2023 *\/\n.elementor-heading-title{padding:0;margin:0;line-height:1}.elementor-widget-heading .elementor-heading-title[class*=elementor-size-]>a{color:inherit;font-size:inherit;line-height:inherit}.elementor-widget-heading .elementor-heading-title.elementor-size-small{font-size:15px}.elementor-widget-heading .elementor-heading-title.elementor-size-medium{font-size:19px}.elementor-widget-heading .elementor-heading-title.elementor-size-large{font-size:29px}.elementor-widget-heading .elementor-heading-title.elementor-size-xl{font-size:39px}.elementor-widget-heading .elementor-heading-title.elementor-size-xxl{font-size:59px}<\/style><h2 class=\"elementor-heading-title elementor-size-default\">Prensa<\/h2>\t\t<\/div>\n\t\t\t\t<\/div>\n\t\t\t\t<div class=\"elementor-element elementor-element-af0a1f1 elementor-widget elementor-widget-heading\" data-id=\"af0a1f1\" data-element_type=\"widget\" data-widget_type=\"heading.default\">\n\t\t\t\t<div class=\"elementor-widget-container\">\n\t\t\t<h2 class=\"elementor-heading-title elementor-size-default\">\u00daltimos anuncios<\/h2>\t\t<\/div>\n\t\t\t\t<\/div>\n\t\t\t\t<div class=\"elementor-element elementor-element-4ad099e elementor-grid-2 elementor-posts--thumbnail-none elementor-grid-tablet-2 elementor-grid-mobile-1 elementor-widget elementor-widget-posts\" data-id=\"4ad099e\" data-element_type=\"widget\" data-settings=\"{&quot;classic_columns&quot;:&quot;2&quot;,&quot;classic_row_gap&quot;:{&quot;unit&quot;:&quot;px&quot;,&quot;size&quot;:53,&quot;sizes&quot;:[]},&quot;classic_columns_tablet&quot;:&quot;2&quot;,&quot;classic_columns_mobile&quot;:&quot;1&quot;,&quot;classic_row_gap_tablet&quot;:{&quot;unit&quot;:&quot;px&quot;,&quot;size&quot;:&quot;&quot;,&quot;sizes&quot;:[]},&quot;classic_row_gap_mobile&quot;:{&quot;unit&quot;:&quot;px&quot;,&quot;size&quot;:&quot;&quot;,&quot;sizes&quot;:[]}}\" data-widget_type=\"posts.classic\">\n\t\t\t\t<div class=\"elementor-widget-container\">\n\t\t\t<link rel=\"stylesheet\" href=\"https:\/\/corporacionamerica.com\/web\/wp-content\/plugins\/elementor-pro\/assets\/css\/widget-posts.min.css\">\t\t<div class=\"elementor-posts-container elementor-posts elementor-posts--skin-classic elementor-grid\">\n\t\t\t\t<article class=\"elementor-post elementor-grid-item post-2550 post type-post status-publish format-standard has-post-thumbnail hentry category-cgc entry has-media\">\n\t\t\t\t<div class=\"elementor-post__text\">\n\t\t\t\t<h3 class=\"elementor-post__title\">\n\t\t\t<a href=\"https:\/\/corporacionamerica.com\/web\/cgc-innova-en-el-sector-con-inauguracion-de-sistema-de-almacenamiento-subterraneo-de-gas-en-cuenca-austral\/\" >\n\t\t\t\tCGC\u00a0innova en el sector con\u00a0inauguraci\u00f3n de sistema de almacenamiento subterr\u00e1neo de gas\u00a0en Cuenca Austral\t\t\t<\/a>\n\t\t<\/h3>\n\t\t\n\t\t<a class=\"elementor-post__read-more\" href=\"https:\/\/corporacionamerica.com\/web\/cgc-innova-en-el-sector-con-inauguracion-de-sistema-de-almacenamiento-subterraneo-de-gas-en-cuenca-austral\/\" aria-label=\"M\u00e1s informaci\u00f3n sobre CGC\u00a0innova en el sector con\u00a0inauguraci\u00f3n de sistema de almacenamiento subterr\u00e1neo de gas\u00a0en Cuenca Austral\" >\n\t\t\tLeer m\u00e1s \u00bb\t\t<\/a>\n\n\t\t\t\t<\/div>\n\t\t\t\t<\/article>\n\t\t\t\t<article class=\"elementor-post elementor-grid-item post-2526 post type-post status-publish format-standard has-post-thumbnail hentry category-corporacion-america-airports entry has-media\">\n\t\t\t\t<div class=\"elementor-post__text\">\n\t\t\t\t<h3 class=\"elementor-post__title\">\n\t\t\t<a href=\"https:\/\/corporacionamerica.com\/web\/eve-y-corporacion-america-airports-planifican-desarrollar-soluciones-en-movilidad-aerea-urbana-para-europa-y-latinoamerica\/\" >\n\t\t\t\tEve y Corporaci\u00f3n Am\u00e9rica Airports planifican desarrollar soluciones en Movilidad A\u00e9rea Urbana para Europa y Latinoam\u00e9rica\t\t\t<\/a>\n\t\t<\/h3>\n\t\t\n\t\t<a class=\"elementor-post__read-more\" href=\"https:\/\/corporacionamerica.com\/web\/eve-y-corporacion-america-airports-planifican-desarrollar-soluciones-en-movilidad-aerea-urbana-para-europa-y-latinoamerica\/\" aria-label=\"M\u00e1s informaci\u00f3n sobre Eve y Corporaci\u00f3n Am\u00e9rica Airports planifican desarrollar soluciones en Movilidad A\u00e9rea Urbana para Europa y Latinoam\u00e9rica\" >\n\t\t\tLeer m\u00e1s \u00bb\t\t<\/a>\n\n\t\t\t\t<\/div>\n\t\t\t\t<\/article>\n\t\t\t\t<\/div>\n\t\t\n\t\t\t\t<\/div>\n\t\t\t\t<\/div>\n\t\t\t\t\t<\/div>\n\t\t<\/div>\n\t\t\t\t\t\t\t<\/div>\n\t\t<\/section>\n\t\t\t\t<section class=\"elementor-section elementor-top-section elementor-element elementor-element-d56a9eb elementor-section-height-min-height elementor-section-boxed elementor-section-height-default elementor-section-items-middle\" data-id=\"d56a9eb\" data-element_type=\"section\" data-settings=\"{&quot;background_background&quot;:&quot;classic&quot;}\">\n\t\t\t\t\t\t<div class=\"elementor-container elementor-column-gap-default\">\n\t\t\t\t\t<div class=\"elementor-column elementor-col-100 elementor-top-column elementor-element elementor-element-90bc77f\" data-id=\"90bc77f\" data-element_type=\"column\">\n\t\t\t<div class=\"elementor-widget-wrap elementor-element-populated\">\n\t\t\t\t\t\t\t\t<div class=\"elementor-element elementor-element-320b7a0 elementor-widget elementor-widget-heading\" data-id=\"320b7a0\" data-element_type=\"widget\" data-widget_type=\"heading.default\">\n\t\t\t\t<div class=\"elementor-widget-container\">\n\t\t\t<h2 class=\"elementor-heading-title elementor-size-default\">Contacto institucional<\/h2>\t\t<\/div>\n\t\t\t\t<\/div>\n\t\t\t\t<div class=\"elementor-element elementor-element-ea2f353 elementor-widget elementor-widget-text-editor\" data-id=\"ea2f353\" data-element_type=\"widget\" data-widget_type=\"text-editor.default\">\n\t\t\t\t<div class=\"elementor-widget-container\">\n\t\t\t\t\t\t\t<p>Si sos periodista y quer\u00e9s contactarnos\u00a0<a href=\"prensa@corporacionamerica.com\">env\u00edanos\u00a0un correo <\/a>y nos comunicaremos con vos.<\/p>\t\t\t\t\t\t<\/div>\n\t\t\t\t<\/div>\n\t\t\t\t\t<\/div>\n\t\t<\/div>\n\t\t\t\t\t\t\t<\/div>\n\t\t<\/section>\n\t\t\t\t\t\t\t<\/div>\n\t\t","protected":false},"excerpt":{"rendered":"<p>Fundado por Eduardo Eurnekian, el holding de empresas Corporaci\u00f3n Am\u00e9rica viene invirtiendo en diversas industrias: desde la operaci\u00f3n aeroportuaria, pasando por la producci\u00f3n y transporte<\/p>\n","protected":false},"author":1,"featured_media":0,"parent":0,"menu_order":0,"comment_status":"closed","ping_status":"closed","template":"elementor_header_footer","meta":{"inline_featured_image":false,"footnotes":""},"class_list":["post-2300","page","type-page","status-publish","hentry","entry","has-media"],"acf":[],"_links":{"self":[{"href":"https:\/\/corporacionamerica.com\/web\/wp-json\/wp\/v2\/pages\/2300","targetHints":{"allow":["GET"]}}],"collection":[{"href":"https:\/\/corporacionamerica.com\/web\/wp-json\/wp\/v2\/pages"}],"about":[{"href":"https:\/\/corporacionamerica.com\/web\/wp-json\/wp\/v2\/types\/page"}],"author":[{"embeddable":true,"href":"https:\/\/corporacionamerica.com\/web\/wp-json\/wp\/v2\/users\/1"}],"replies":[{"embeddable":true,"href":"https:\/\/corporacionamerica.com\/web\/wp-json\/wp\/v2\/comments?post=2300"}],"version-history":[{"count":154,"href":"https:\/\/corporacionamerica.com\/web\/wp-json\/wp\/v2\/pages\/2300\/revisions"}],"predecessor-version":[{"id":2607,"href":"https:\/\/corporacionamerica.com\/web\/wp-json\/wp\/v2\/pages\/2300\/revisions\/2607"}],"wp:attachment":[{"href":"https:\/\/corporacionamerica.com\/web\/wp-json\/wp\/v2\/media?parent=2300"}],"curies":[{"name":"wp","href":"https:\/\/api.w.org\/{rel}","templated":true}]}}