{"id":2249,"date":"2021-11-30T21:33:39","date_gmt":"2021-11-30T21:33:39","guid":{"rendered":"https:\/\/corporacionamerica.com\/web\/?page_id=2249"},"modified":"2021-11-30T21:39:33","modified_gmt":"2021-11-30T21:39:33","slug":"disclaimer","status":"publish","type":"page","link":"https:\/\/corporacionamerica.com\/web\/disclaimer\/","title":{"rendered":"Disclaimer"},"content":{"rendered":"\t\t<div data-elementor-type=\"wp-page\" data-elementor-id=\"2249\" class=\"elementor elementor-2249\">\n\t\t\t\t\t\t\t\t\t<section class=\"elementor-section elementor-top-section elementor-element elementor-element-3dc59ec elementor-section-boxed elementor-section-height-default elementor-section-height-default\" data-id=\"3dc59ec\" data-element_type=\"section\">\n\t\t\t\t\t\t<div class=\"elementor-container elementor-column-gap-default\">\n\t\t\t\t\t<div class=\"elementor-column elementor-col-100 elementor-top-column elementor-element elementor-element-9153f04\" data-id=\"9153f04\" data-element_type=\"column\">\n\t\t\t<div class=\"elementor-widget-wrap elementor-element-populated\">\n\t\t\t\t\t\t\t\t<div class=\"elementor-element elementor-element-b341061 elementor-widget elementor-widget-heading\" data-id=\"b341061\" data-element_type=\"widget\" data-widget_type=\"heading.default\">\n\t\t\t\t<div class=\"elementor-widget-container\">\n\t\t\t<style>\/*! elementor - v3.11.2 - 22-02-2023 *\/\n.elementor-heading-title{padding:0;margin:0;line-height:1}.elementor-widget-heading .elementor-heading-title[class*=elementor-size-]>a{color:inherit;font-size:inherit;line-height:inherit}.elementor-widget-heading .elementor-heading-title.elementor-size-small{font-size:15px}.elementor-widget-heading .elementor-heading-title.elementor-size-medium{font-size:19px}.elementor-widget-heading .elementor-heading-title.elementor-size-large{font-size:29px}.elementor-widget-heading .elementor-heading-title.elementor-size-xl{font-size:39px}.elementor-widget-heading .elementor-heading-title.elementor-size-xxl{font-size:59px}<\/style><h2 class=\"elementor-heading-title elementor-size-default\">Acuerdo para hacer negocios con Corporaci\u00f3n Am\u00e9rica International S. A. R. L.<\/h2>\t\t<\/div>\n\t\t\t\t<\/div>\n\t\t\t\t<section class=\"elementor-section elementor-inner-section elementor-element elementor-element-e19b963 elementor-section-boxed elementor-section-height-default elementor-section-height-default\" data-id=\"e19b963\" data-element_type=\"section\">\n\t\t\t\t\t\t<div class=\"elementor-container elementor-column-gap-default\">\n\t\t\t\t\t<div class=\"elementor-column elementor-col-100 elementor-inner-column elementor-element elementor-element-b45ddb3\" data-id=\"b45ddb3\" data-element_type=\"column\">\n\t\t\t<div class=\"elementor-widget-wrap elementor-element-populated\">\n\t\t\t\t\t\t\t\t<div class=\"elementor-element elementor-element-644dc7f elementor-widget elementor-widget-text-editor\" data-id=\"644dc7f\" data-element_type=\"widget\" data-widget_type=\"text-editor.default\">\n\t\t\t\t<div class=\"elementor-widget-container\">\n\t\t\t<style>\/*! elementor - v3.11.2 - 22-02-2023 *\/\n.elementor-widget-text-editor.elementor-drop-cap-view-stacked .elementor-drop-cap{background-color:#818a91;color:#fff}.elementor-widget-text-editor.elementor-drop-cap-view-framed .elementor-drop-cap{color:#818a91;border:3px solid;background-color:transparent}.elementor-widget-text-editor:not(.elementor-drop-cap-view-default) .elementor-drop-cap{margin-top:8px}.elementor-widget-text-editor:not(.elementor-drop-cap-view-default) .elementor-drop-cap-letter{width:1em;height:1em}.elementor-widget-text-editor .elementor-drop-cap{float:left;text-align:center;line-height:1;font-size:50px}.elementor-widget-text-editor .elementor-drop-cap-letter{display:inline-block}<\/style>\t\t\t\t<h3>CONSENTIMIENTO DE FIRMA Y REGISTRO ELECTR\u00d3NICO<\/h3><p>Ocasionalmente, y con relaci\u00f3n a las entidades antes listadas ut supra (la o las \u201cEmpresas\u201d), Usted podr\u00e1 suscribir contratos y documentaci\u00f3n, y\/o enviar o recibir ciertos avisos y\/o declaraciones por escrito en documentos electr\u00f3nicos y utilizando firmas electr\u00f3nicas. A continuaci\u00f3n, se describen los t\u00e9rminos y condiciones que rigen la suscripci\u00f3n de contratos, documentaci\u00f3n, notificaciones, autorizaciones, avisos y declaraciones (los \u201cDocumentos\u201d), firmados o enviados electr\u00f3nicamente a trav\u00e9s del sistema DocuSign. Lea la informaci\u00f3n a continuaci\u00f3n con atenci\u00f3n y en profundidad, y si puede acceder satisfactoriamente a esta informaci\u00f3n electr\u00f3nicamente y est\u00e1 de acuerdo con este Consentimiento de Firma y Registro Electr\u00f3nico CFRE, confirme su acuerdo seleccionando la casilla de verificaci\u00f3n junto a &#8216;Acepto usar firmas y registros electr\u00f3nicos&#8217; antes de hacer clic en \u201cCONTINUAR\u201d dentro del sistema DocuSign.<\/p>\t\t\t\t\t\t<\/div>\n\t\t\t\t<\/div>\n\t\t\t\t\t<\/div>\n\t\t<\/div>\n\t\t\t\t\t\t\t<\/div>\n\t\t<\/section>\n\t\t\t\t<div class=\"elementor-element elementor-element-87d169e elementor-widget elementor-widget-text-editor\" data-id=\"87d169e\" data-element_type=\"widget\" data-widget_type=\"text-editor.default\">\n\t\t\t\t<div class=\"elementor-widget-container\">\n\t\t\t\t\t\t\t<h3>Obtener copias en papel<\/h3><p>En cualquier momento, puede solicitarnos una copia impresa de cualquier registro que le hayamos proporcionado o que le hayamos provisto electr\u00f3nicamente. Tendr\u00e1 la capacidad de descargar e imprimir los documentos que le enviamos a trav\u00e9s del sistema DocuSign durante e inmediatamente despu\u00e9s de la sesi\u00f3n de la firma y, si elige crear una cuenta DocuSign, puede acceder a los documentos por un per\u00edodo de tiempo limitado (30 d\u00edas) despu\u00e9s de que se le env\u00eden dichos Documentos por primera vez. Despu\u00e9s de ese tiempo, si desea que le enviemos copias impresas de dichos Documentos desde nuestra oficina, se le cobrar\u00e1 una tarifa de $ 0.00 por p\u00e1gina. Puede solicitarnos la entrega de dichas copias en papel, siguiendo el procedimiento que se describe a continuaci\u00f3n.<\/p><h3>Retirar su consentimiento<\/h3><p>Si decide recibir Documentos electr\u00f3nicamente por parte de la Empresa, puede cambiar de opini\u00f3n en cualquier momento y decirnos que, de ahora en m\u00e1s, desea recibir los Documentos requeridos s\u00f3lo en papel. A continuaci\u00f3n, se describe c\u00f3mo debe informarnos de su decisi\u00f3n de recibir Documentos futuros en papel y retirar su consentimiento para recibirlos electr\u00f3nicamente.<\/p><h3>Consecuencias de cambiar de opini\u00f3n<\/h3><p>Si elige recibir los Documentos requeridos s\u00f3lo en papel, esto demorar\u00e1 el tiempo destinado a completar ciertos pasos en las transacciones con Usted, y servicios, porque primero necesitaremos enviarle las notificaciones o comunicaciones requeridas en papel, y luego esperar hasta que recibamos su acuse de recibo de dichas notificaciones. Adem\u00e1s, ya no podr\u00e1 utilizar el sistema DocuSign para recibir las notificaciones requeridas y los consentimientos de nuestra parte de forma electr\u00f3nica, ni para enviarnos o firmar los Documentos.<\/p><h3>Todos los Documentos se le enviar\u00e1n electr\u00f3nicamente.<\/h3><p>A menos que nos indique lo contrario, de acuerdo con los procedimientos descritos en este documento, le proporcionaremos electr\u00f3nicamente a trav\u00e9s del sistema DocuSign todos los Documentos requeridos que se deban proporcionar, suscribir y\/o poner a su disposici\u00f3n durante el curso de nuestra relaci\u00f3n. Para reducir la posibilidad de que, inadvertidamente, no reciba ning\u00fan Documento, preferimos proporcion\u00e1rselos y\/o suscribirlos por el mismo m\u00e9todo y utilizando la misma direcci\u00f3n que nos ha proporcionado. <br \/>Por lo tanto, puede recibir todos los Documentos de forma electr\u00f3nica o en papel a trav\u00e9s del sistema de entrega de correo postal. Si no est\u00e1 de acuerdo con este proceso, h\u00e1ganoslo saber como se describe a continuaci\u00f3n. Consulte el p\u00e1rrafo anterior que describe las consecuencias de su decisi\u00f3n de no recibir los Documentos electr\u00f3nicamente de nuestra parte.<\/p><h3>C\u00f3mo ponerse en contacto con la Empresa:<\/h3><p>Puede comunicarse con nosotros para informarnos de sus cambios en cuanto a c\u00f3mo podemos comunicarnos y suscribir Documentos con usted electr\u00f3nicamente, para solicitarnos copias impresas de determinada informaci\u00f3n y para retirar su consentimiento previo.<\/p><h3>Informar a la Empresa de su nueva direcci\u00f3n de correo electr\u00f3nico<\/h3><p>Para informarnos de un cambio en su direcci\u00f3n de correo electr\u00f3nico cuando debamos enviarle Documentos electr\u00f3nicamente, debe enviarnos un mensaje de correo electr\u00f3nico y en el cuerpo de dicha solicitud debe indicar: su direcci\u00f3n de correo electr\u00f3nico anterior, su nueva direcci\u00f3n de correo electr\u00f3nico. <br \/>Si cre\u00f3 una cuenta de DocuSign, puede actualizarla con su nueva direcci\u00f3n de correo electr\u00f3nico a trav\u00e9s de la cuenta que haya seleccionado.<\/p><h3>Solicitud de copias en papel de la Empresa<\/h3><p>Para solicitar que le enviemos copias impresas de los Documentos que le hayamos proporcionado previamente de manera electr\u00f3nica, debe enviarnos un correo electr\u00f3nico y en el cuerpo de dicha solicitud debe indicar su direcci\u00f3n de correo electr\u00f3nico, nombre completo, direcci\u00f3n postal y n\u00famero de tel\u00e9fono.<\/p><h3>Revocaci\u00f3n de su consentimiento con la Empresa<\/h3><p>Para informarnos que ya no desea recibir Documentos futuros en formato electr\u00f3nico, puede:<\/p><ol><li>rechazar firmar un Documento desde su sesi\u00f3n de firma, y en la p\u00e1gina siguiente, seleccionar la casilla de verificaci\u00f3n que indica que desea retirar su consentimiento, o puede<\/li><li>enviarnos un correo electr\u00f3nico y en el cuerpo de dicha solicitud debe indicar su correo electr\u00f3nico, nombre completo, direcci\u00f3n postal y n\u00famero de tel\u00e9fono.<\/li><\/ol><p>\u00a0<\/p><h3>Requerimientos de hardware y software<\/h3><p>Los requisitos m\u00ednimos de sistema para utilizar el sistema DocuSign pueden sufrir modificaciones con el tiempo. Los requisitos actuales del sistema se encuentran aqu\u00ed: <a href=\"https:\/\/support.docusign.com\/guides\/signer-guide-signing-system-requirements\" target=\"_blank\" rel=\"noopener\">https:\/\/support.docusign.com\/guides\/signer-guide-signing-system-requirements<\/a>.<\/p><h3>Reconocimiento de acceso y consentimiento para recibir y firmar documentos electr\u00f3nicamente<\/h3><p>Para confirmarnos que puede acceder a esta informaci\u00f3n electr\u00f3nicamente, la cual ser\u00e1 similar a otros avisos y declaraciones electr\u00f3nicas que le proporcionaremos, confirme que ha le\u00eddo este ERSD y (i) que puede imprimir en papel o guarde electr\u00f3nicamente este ERSD para su futura referencia y acceso; o (ii) que puede enviar este ERSD por correo electr\u00f3nico a una direcci\u00f3n de correo electr\u00f3nico donde podr\u00e1 imprimirlo en papel o guardarlo para su futura referencia y acceso. Posteriormente, si consiente recibir y suscribir Documentos exclusivamente en formato electr\u00f3nico como se describe en este documento, seleccione la casilla de verificaci\u00f3n junto a \u00abAcepto usar firmas y registros electr\u00f3nicos\u00bb antes de hacer clic en \u00abCONTINUAR\u00bb dentro del sistema DocuSign. <br \/>Al seleccionar la casilla de verificaci\u00f3n junto a \u00abAcepto el uso de firmas y registros electr\u00f3nicos\u00bb, confirma que:<\/p><ul><li>Puede acceder y leer este Consentimiento De Firma y Registro Electr\u00f3nico;<\/li><li>Puede imprimir en papel este Consentimiento De Firma y Registro Electr\u00f3nico, o guardar o enviar este Consentimiento De Firma y Registro Electr\u00f3nico a un lugar donde pueda imprimirlo, para referencia y acceso futuros;<\/li><li>Hasta o a menos que notifique a la Empresa como se describe anteriormente, Usted acepta recibir exclusivamente a trav\u00e9s del sistema DocuSign todos los Documentos que la Empresa deba proporcionarle o poner a su disposici\u00f3n durante el curso de su relaci\u00f3n con la Empresa; y<\/li><li>Hasta o a menos que notifique a la Empresa como se describe anteriormente, Usted acepta suscribir a trav\u00e9s del sistema DocuSign todos los Documentos que vaya a celebrar con la Empresa, reconociendo al sistema DocuSign como medio v\u00e1lido para la firma electr\u00f3nica de los Documentos, que se reputar\u00e1n aut\u00e9nticos, vinculantes y con plena eficacia jur\u00eddica, en el marco de lo dispuesto por los art\u00edculos 4 y 5 de la Ley N\u00b0 18.600.<\/li><\/ul>\t\t\t\t\t\t<\/div>\n\t\t\t\t<\/div>\n\t\t\t\t\t<\/div>\n\t\t<\/div>\n\t\t\t\t\t\t\t<\/div>\n\t\t<\/section>\n\t\t\t\t\t\t\t<\/div>\n\t\t","protected":false},"excerpt":{"rendered":"<p>Acuerdo para hacer negocios con Corporaci\u00f3n Am\u00e9rica International S. A. R. L. CONSENTIMIENTO DE FIRMA Y REGISTRO ELECTR\u00d3NICO Ocasionalmente, y con relaci\u00f3n a las entidades antes listadas ut supra (la o las \u201cEmpresas\u201d), Usted podr\u00e1 suscribir contratos y documentaci\u00f3n, y\/o enviar o recibir ciertos avisos y\/o declaraciones por escrito en documentos electr\u00f3nicos y utilizando firmas [&hellip;]<\/p>\n","protected":false},"author":1,"featured_media":0,"parent":0,"menu_order":0,"comment_status":"closed","ping_status":"closed","template":"","meta":{"inline_featured_image":false,"footnotes":""},"class_list":["post-2249","page","type-page","status-publish","hentry","entry"],"acf":[],"_links":{"self":[{"href":"https:\/\/corporacionamerica.com\/web\/wp-json\/wp\/v2\/pages\/2249","targetHints":{"allow":["GET"]}}],"collection":[{"href":"https:\/\/corporacionamerica.com\/web\/wp-json\/wp\/v2\/pages"}],"about":[{"href":"https:\/\/corporacionamerica.com\/web\/wp-json\/wp\/v2\/types\/page"}],"author":[{"embeddable":true,"href":"https:\/\/corporacionamerica.com\/web\/wp-json\/wp\/v2\/users\/1"}],"replies":[{"embeddable":true,"href":"https:\/\/corporacionamerica.com\/web\/wp-json\/wp\/v2\/comments?post=2249"}],"version-history":[{"count":7,"href":"https:\/\/corporacionamerica.com\/web\/wp-json\/wp\/v2\/pages\/2249\/revisions"}],"predecessor-version":[{"id":2256,"href":"https:\/\/corporacionamerica.com\/web\/wp-json\/wp\/v2\/pages\/2249\/revisions\/2256"}],"wp:attachment":[{"href":"https:\/\/corporacionamerica.com\/web\/wp-json\/wp\/v2\/media?parent=2249"}],"curies":[{"name":"wp","href":"https:\/\/api.w.org\/{rel}","templated":true}]}}